{"id":91,"date":"2020-09-05T22:22:57","date_gmt":"2020-09-05T22:22:57","guid":{"rendered":"https:\/\/sofiapayet.com\/?page_id=91"},"modified":"2023-06-02T20:01:50","modified_gmt":"2023-06-02T20:01:50","slug":"about-me","status":"publish","type":"page","link":"https:\/\/sofiapayet.com\/en\/about-me\/","title":{"rendered":"About me"},"content":{"rendered":"<div data-elementor-type=\"wp-page\" data-elementor-id=\"91\" class=\"elementor elementor-91\">\n\t\t\t\t\t\t<div class=\"elementor-inner\">\n\t\t\t\t<div class=\"elementor-section-wrap\">\n\t\t\t\t\t\t\t\t\t<section class=\"elementor-section elementor-top-section elementor-element elementor-element-489c5dc elementor-section-content-middle elementor-hidden-tablet elementor-section-height-full elementor-section-boxed elementor-section-height-default elementor-section-items-middle\" data-id=\"489c5dc\" data-element_type=\"section\" data-settings=\"{&quot;background_background&quot;:&quot;classic&quot;}\">\n\t\t\t\t\t\t<div class=\"elementor-container elementor-column-gap-default\">\n\t\t\t\t\t\t\t<div class=\"elementor-row\">\n\t\t\t\t\t<div class=\"elementor-column elementor-col-50 elementor-top-column elementor-element elementor-element-fe6d861\" data-id=\"fe6d861\" data-element_type=\"column\">\n\t\t\t<div class=\"elementor-column-wrap elementor-element-populated\">\n\t\t\t\t\t\t\t<div class=\"elementor-widget-wrap\">\n\t\t\t\t\t\t<div class=\"elementor-element elementor-element-0323bf3 elementor-widget elementor-widget-image\" data-id=\"0323bf3\" data-element_type=\"widget\" data-widget_type=\"image.default\">\n\t\t\t\t<div class=\"elementor-widget-container\">\n\t\t\t\t\t\t\t\t<div class=\"elementor-image\">\n\t\t\t\t\t\t\t\t\t\t\t\t<img width=\"683\" height=\"1024\" src=\"https:\/\/sofiapayet.com\/wp-content\/uploads\/2020\/09\/About-683x1024.jpg\" class=\"attachment-large size-large wp-image-93\" alt=\"\" loading=\"lazy\" srcset=\"https:\/\/sofiapayet.com\/wp-content\/uploads\/2020\/09\/About-683x1024.jpg 683w, https:\/\/sofiapayet.com\/wp-content\/uploads\/2020\/09\/About-200x300.jpg 200w, https:\/\/sofiapayet.com\/wp-content\/uploads\/2020\/09\/About-768x1151.jpg 768w, https:\/\/sofiapayet.com\/wp-content\/uploads\/2020\/09\/About.jpg 854w\" sizes=\"(max-width: 683px) 100vw, 683px\" \/>\t\t\t\t\t\t\t\t\t\t\t\t\t\t<\/div>\n\t\t\t\t\t\t<\/div>\n\t\t\t\t<\/div>\n\t\t\t\t\t\t<\/div>\n\t\t\t\t\t<\/div>\n\t\t<\/div>\n\t\t\t\t<div class=\"elementor-column elementor-col-50 elementor-top-column elementor-element elementor-element-628f8ba\" data-id=\"628f8ba\" data-element_type=\"column\">\n\t\t\t<div class=\"elementor-column-wrap elementor-element-populated\">\n\t\t\t\t\t\t\t<div class=\"elementor-widget-wrap\">\n\t\t\t\t\t\t<div class=\"elementor-element elementor-element-166baba elementor-widget elementor-widget-heading\" data-id=\"166baba\" data-element_type=\"widget\" data-widget_type=\"heading.default\">\n\t\t\t\t<div class=\"elementor-widget-container\">\n\t\t\t<h2 class=\"elementor-heading-title elementor-size-default\">ABOUT ME<\/h2>\t\t<\/div>\n\t\t\t\t<\/div>\n\t\t\t\t<div class=\"elementor-element elementor-element-4453b3a elementor-widget elementor-widget-text-editor\" data-id=\"4453b3a\" data-element_type=\"widget\" data-widget_type=\"text-editor.default\">\n\t\t\t\t<div class=\"elementor-widget-container\">\n\t\t\t\t\t\t\t\t<div class=\"elementor-text-editor elementor-clearfix\">\n\t\t\t\t<p>Sofia Payet, war ein langj\u00e4hriges Mitglied des Salzburger Festspiele Theater Kinder- und Jugendchores und sammelte infolgedessen ihre erste professionelle B\u00fchnenerfahrung. Sp\u00e4ter wirkte sie immer wieder bei Produktionen am Salzburger Landestheater mit, unter anderem bei \u201eKick it like Beckham\u201c und \u201eMeine Stille Nacht\u201c.<\/p><p>\u00a0<\/p><p>Als sie 2017 ihren Abschluss an der Modeschule Hallein machte, entschied sie sich nach Wien zu ziehen, um Schauspiel f\u00fcr Theater und Film zu studieren.<\/p><p>Im Jahr 2021 absolvierte sie das Studium und ihr Weg f\u00fchrte sie wieder zur\u00fcck ans Salzburger Landestheater. Hier \u00fcbernahm sie die Rolle der Cressida f\u00fcr die Produktion \u201eShakespeare im Park, Golden Lads and Girls\u201c 2022\/23, so wie der Emma in \u201eDer Talisman\u201c. Neben ihrer T\u00e4tigkeit als Schauspielerin ist Sofia auch Vorstandsmitglied und Sprecherin der gemeinn\u00fctzigen Organisation \u201eUniversal Lighthouse\u201c. Diese Arbeit f\u00fchrt sie regelm\u00e4\u00dfig nach Mombasa, Kenia im Zuge von Berichtserstattungen, der Festigung und F\u00f6rderungen der Projekte sowie der Beziehungen vor Ort. Auch arbeitet sie mit lokalen K\u00fcnstler*innen und Filmschaffenden zusammen und hilft ihnen ihre Geschichten zu erz\u00e4hlen und Visionen zu verwirklichen.<\/p><p>Die Schauspielerei ist f\u00fcr sie nicht nur eine Form von Ausdruck, sondern auch ein Hebel, eine Plattform f\u00fcr Ver\u00e4nderung.<\/p><p>\u00a0<\/p>\t\t\t\t\t<\/div>\n\t\t\t\t\t\t<\/div>\n\t\t\t\t<\/div>\n\t\t\t\t\t\t<\/div>\n\t\t\t\t\t<\/div>\n\t\t<\/div>\n\t\t\t\t\t\t\t\t<\/div>\n\t\t\t\t\t<\/div>\n\t\t<\/section>\n\t\t\t\t<section class=\"elementor-section elementor-top-section elementor-element elementor-element-8d828d0 elementor-hidden-desktop elementor-hidden-phone elementor-section-boxed elementor-section-height-default elementor-section-height-default\" data-id=\"8d828d0\" data-element_type=\"section\" data-settings=\"{&quot;background_background&quot;:&quot;classic&quot;}\">\n\t\t\t\t\t\t<div class=\"elementor-container elementor-column-gap-default\">\n\t\t\t\t\t\t\t<div class=\"elementor-row\">\n\t\t\t\t\t<div class=\"elementor-column elementor-col-100 elementor-top-column elementor-element elementor-element-61a6b42\" data-id=\"61a6b42\" data-element_type=\"column\">\n\t\t\t<div class=\"elementor-column-wrap elementor-element-populated\">\n\t\t\t\t\t\t\t<div class=\"elementor-widget-wrap\">\n\t\t\t\t\t\t<div class=\"elementor-element elementor-element-527f645 elementor-widget elementor-widget-image\" data-id=\"527f645\" data-element_type=\"widget\" data-widget_type=\"image.default\">\n\t\t\t\t<div class=\"elementor-widget-container\">\n\t\t\t\t\t\t\t\t<div class=\"elementor-image\">\n\t\t\t\t\t\t\t\t\t\t\t\t<img width=\"683\" height=\"1024\" src=\"https:\/\/sofiapayet.com\/wp-content\/uploads\/2020\/09\/About-683x1024.jpg\" class=\"attachment-large size-large wp-image-93\" alt=\"\" loading=\"lazy\" srcset=\"https:\/\/sofiapayet.com\/wp-content\/uploads\/2020\/09\/About-683x1024.jpg 683w, https:\/\/sofiapayet.com\/wp-content\/uploads\/2020\/09\/About-200x300.jpg 200w, https:\/\/sofiapayet.com\/wp-content\/uploads\/2020\/09\/About-768x1151.jpg 768w, https:\/\/sofiapayet.com\/wp-content\/uploads\/2020\/09\/About.jpg 854w\" sizes=\"(max-width: 683px) 100vw, 683px\" \/>\t\t\t\t\t\t\t\t\t\t\t\t\t\t<\/div>\n\t\t\t\t\t\t<\/div>\n\t\t\t\t<\/div>\n\t\t\t\t<div class=\"elementor-element elementor-element-14c4f07 elementor-widget elementor-widget-heading\" data-id=\"14c4f07\" data-element_type=\"widget\" data-widget_type=\"heading.default\">\n\t\t\t\t<div class=\"elementor-widget-container\">\n\t\t\t<h2 class=\"elementor-heading-title elementor-size-default\">ABOUT ME<\/h2>\t\t<\/div>\n\t\t\t\t<\/div>\n\t\t\t\t<div class=\"elementor-element elementor-element-7cb2f23 elementor-widget elementor-widget-text-editor\" data-id=\"7cb2f23\" data-element_type=\"widget\" data-widget_type=\"text-editor.default\">\n\t\t\t\t<div class=\"elementor-widget-container\">\n\t\t\t\t\t\t\t\t<div class=\"elementor-text-editor elementor-clearfix\">\n\t\t\t\t<p>Sofia Payet, war ein langj\u00e4hriges Mitglied des Salzburger Festspiele Theater Kinder- und Jugendchores und sammelte infolgedessen ihre erste professionelle B\u00fchnenerfahrung. Sp\u00e4ter wirkte sie immer wieder bei Produktionen am Salzburger Landestheater mit, unter anderem bei \u201eKick it like Beckham\u201c und \u201eMeine Stille Nacht\u201c.<\/p><p>\u00a0<\/p><p>Als sie 2017 ihren Abschluss an der Modeschule Hallein machte, entschied sie sich nach Wien zu ziehen, um Schauspiel f\u00fcr Theater und Film zu studieren.<\/p><p>Im Jahr 2021 absolvierte sie das Studium und ihr Weg f\u00fchrte sie wieder zur\u00fcck ans Salzburger Landestheater. Hier \u00fcbernahm sie die Rolle der Cressida f\u00fcr die Produktion \u201eShakespeare im Park, Golden Lads and Girls\u201c 2022\/23, so wie der Emma in \u201eDer Talisman\u201c. Neben ihrer T\u00e4tigkeit als Schauspielerin ist Sofia auch Vorstandsmitglied und Sprecherin der gemeinn\u00fctzigen Organisation \u201eUniversal Lighthouse\u201c. Diese Arbeit f\u00fchrt sie regelm\u00e4\u00dfig nach Mombasa, Kenia im Zuge von Berichtserstattungen, der Festigung und F\u00f6rderungen der Projekte sowie der Beziehungen vor Ort. Auch arbeitet sie mit lokalen K\u00fcnstler*innen und Filmschaffenden zusammen und hilft ihnen ihre Geschichten zu erz\u00e4hlen und Visionen zu verwirklichen.<\/p><p>Die Schauspielerei ist f\u00fcr sie nicht nur eine Form von Ausdruck, sondern auch ein Hebel, eine Plattform f\u00fcr Ver\u00e4nderung.<\/p><p>\u00a0<\/p>\t\t\t\t\t<\/div>\n\t\t\t\t\t\t<\/div>\n\t\t\t\t<\/div>\n\t\t\t\t\t\t<\/div>\n\t\t\t\t\t<\/div>\n\t\t<\/div>\n\t\t\t\t\t\t\t\t<\/div>\n\t\t\t\t\t<\/div>\n\t\t<\/section>\n\t\t\t\t\t\t\t\t\t<\/div>\n\t\t\t<\/div>\n\t\t\t\t\t<\/div>","protected":false},"excerpt":{"rendered":"<p>\u00dcBER MICH Sofia Payet, war ein langj\u00e4hriges Mitglied des Salzburger Festspiele Theater Kinder- und Jugendchores und sammelte infolgedessen ihre erste professionelle B\u00fchnenerfahrung. Sp\u00e4ter wirkte sie immer wieder bei Produktionen am Salzburger Landestheater mit, unter anderem bei \u201eKick it like Beckham\u201c und \u201eMeine Stille Nacht\u201c. \u00a0 Als sie 2017 ihren Abschluss an der Modeschule Hallein machte, [&hellip;]<\/p>","protected":false},"author":1,"featured_media":0,"parent":0,"menu_order":0,"comment_status":"closed","ping_status":"closed","template":"","meta":[],"_links":{"self":[{"href":"https:\/\/sofiapayet.com\/en\/wp-json\/wp\/v2\/pages\/91"}],"collection":[{"href":"https:\/\/sofiapayet.com\/en\/wp-json\/wp\/v2\/pages"}],"about":[{"href":"https:\/\/sofiapayet.com\/en\/wp-json\/wp\/v2\/types\/page"}],"author":[{"embeddable":true,"href":"https:\/\/sofiapayet.com\/en\/wp-json\/wp\/v2\/users\/1"}],"replies":[{"embeddable":true,"href":"https:\/\/sofiapayet.com\/en\/wp-json\/wp\/v2\/comments?post=91"}],"version-history":[{"count":27,"href":"https:\/\/sofiapayet.com\/en\/wp-json\/wp\/v2\/pages\/91\/revisions"}],"predecessor-version":[{"id":681,"href":"https:\/\/sofiapayet.com\/en\/wp-json\/wp\/v2\/pages\/91\/revisions\/681"}],"wp:attachment":[{"href":"https:\/\/sofiapayet.com\/en\/wp-json\/wp\/v2\/media?parent=91"}],"curies":[{"name":"wp","href":"https:\/\/api.w.org\/{rel}","templated":true}]}}