{"id":83,"date":"2020-09-05T21:26:00","date_gmt":"2020-09-05T21:26:00","guid":{"rendered":"https:\/\/sofiapayet.com\/?page_id=83"},"modified":"2021-06-16T23:11:18","modified_gmt":"2021-06-16T23:11:18","slug":"impressum","status":"publish","type":"page","link":"https:\/\/sofiapayet.com\/en\/impressum\/","title":{"rendered":"Impressum"},"content":{"rendered":"<div data-elementor-type=\"wp-page\" data-elementor-id=\"83\" class=\"elementor elementor-83\">\n\t\t\t\t\t\t<div class=\"elementor-inner\">\n\t\t\t\t<div class=\"elementor-section-wrap\">\n\t\t\t\t\t\t\t\t\t<section class=\"elementor-section elementor-top-section elementor-element elementor-element-7942330 elementor-section-height-full elementor-section-boxed elementor-section-height-default elementor-section-items-middle\" data-id=\"7942330\" data-element_type=\"section\">\n\t\t\t\t\t\t<div class=\"elementor-container elementor-column-gap-default\">\n\t\t\t\t\t\t\t<div class=\"elementor-row\">\n\t\t\t\t\t<div class=\"elementor-column elementor-col-100 elementor-top-column elementor-element elementor-element-8b5a457\" data-id=\"8b5a457\" data-element_type=\"column\">\n\t\t\t<div class=\"elementor-column-wrap elementor-element-populated\">\n\t\t\t\t\t\t\t<div class=\"elementor-widget-wrap\">\n\t\t\t\t\t\t<div class=\"elementor-element elementor-element-c552bc6 elementor-widget elementor-widget-text-editor\" data-id=\"c552bc6\" data-element_type=\"widget\" data-widget_type=\"text-editor.default\">\n\t\t\t\t<div class=\"elementor-widget-container\">\n\t\t\t\t\t\t\t\t<div class=\"elementor-text-editor elementor-clearfix\">\n\t\t\t\t<h2><strong>Impressum<\/strong><\/h2><p>Medieninhaberin, Niederlassungsanschrift und Verwaltungsadresse der Anbieterin:<br \/>Sofia Payet<br \/>Rosenweg 5\/2<br \/>Eugendorf<br \/>\u00d6sterreich<br \/>E-Mail-Adresse: payet.sofia1803@gmail.com<\/p><p>Anwendbare Vorschriften: Mediengesetz, Telekommunikationsgesetz;<br \/>siehe Rechtsinformationsservice des Bundeskanzleramtes www.ris.bka.gv.at<br \/>Kammer: \u00d6sterreichische Wirtschaftskammer<br \/>Beh\u00f6rde: gem. E-Commerce-Gesetz: Bezirkshauptmannschaft Hallein, Schwarzstra\u00dfe 14, 5400 Hallein<br \/>Im Rahmen des Telekommunikationsgesetzes die Rundfunk und Telekom Regulierungs GmbH\/Telekom Control Kommission, Mariahilfer Stra\u00dfe 77-79, 1060 Wien, \u00d6sterreich<br \/>Link zur Online-Streitschlichtungs-Plattform (Verordnung EU Nr. 524\/2013 \u00fcber die Online-Beilegung verbraucherrechtlicher Streitigkeiten, kurz: ODR-Verordnung).<br \/>https:\/\/webgate.ec.europa.eu\/odr\/main\/index.cfm?event=main.home.chooseLanguage<br \/>Offenlegung<br \/>lt. \u00a7 25 Abs. 2 und 3 \u00f6sterr. MedienG<br \/>Medieninhaberin und Eigent\u00fcmerin:<br \/>Sofia Payet<br \/>Rosenweg 5\/2<br \/>Eugendorf<br \/>\u00d6sterreich<br \/>E-Mail-Adresse: payet.sofia1803@gmail.com<\/p>\t\t\t\t\t<\/div>\n\t\t\t\t\t\t<\/div>\n\t\t\t\t<\/div>\n\t\t\t\t\t\t<\/div>\n\t\t\t\t\t<\/div>\n\t\t<\/div>\n\t\t\t\t\t\t\t\t<\/div>\n\t\t\t\t\t<\/div>\n\t\t<\/section>\n\t\t\t\t\t\t\t\t\t<\/div>\n\t\t\t<\/div>\n\t\t\t\t\t<\/div>","protected":false},"excerpt":{"rendered":"<p>Impressum Medieninhaberin, Niederlassungsanschrift und Verwaltungsadresse der Anbieterin:Sofia PayetRosenweg 5\/2Eugendorf\u00d6sterreichE-Mail-Adresse: payet.sofia1803@gmail.com Anwendbare Vorschriften: Mediengesetz, Telekommunikationsgesetz;siehe Rechtsinformationsservice des Bundeskanzleramtes www.ris.bka.gv.atKammer: \u00d6sterreichische WirtschaftskammerBeh\u00f6rde: gem. E-Commerce-Gesetz: Bezirkshauptmannschaft Hallein, Schwarzstra\u00dfe 14, 5400 HalleinIm Rahmen des Telekommunikationsgesetzes die Rundfunk und Telekom Regulierungs GmbH\/Telekom Control Kommission, Mariahilfer Stra\u00dfe 77-79, 1060 Wien, \u00d6sterreichLink zur Online-Streitschlichtungs-Plattform (Verordnung EU Nr. 524\/2013 \u00fcber die Online-Beilegung verbraucherrechtlicher [&hellip;]<\/p>","protected":false},"author":1,"featured_media":0,"parent":0,"menu_order":0,"comment_status":"closed","ping_status":"closed","template":"","meta":[],"_links":{"self":[{"href":"https:\/\/sofiapayet.com\/en\/wp-json\/wp\/v2\/pages\/83"}],"collection":[{"href":"https:\/\/sofiapayet.com\/en\/wp-json\/wp\/v2\/pages"}],"about":[{"href":"https:\/\/sofiapayet.com\/en\/wp-json\/wp\/v2\/types\/page"}],"author":[{"embeddable":true,"href":"https:\/\/sofiapayet.com\/en\/wp-json\/wp\/v2\/users\/1"}],"replies":[{"embeddable":true,"href":"https:\/\/sofiapayet.com\/en\/wp-json\/wp\/v2\/comments?post=83"}],"version-history":[{"count":11,"href":"https:\/\/sofiapayet.com\/en\/wp-json\/wp\/v2\/pages\/83\/revisions"}],"predecessor-version":[{"id":509,"href":"https:\/\/sofiapayet.com\/en\/wp-json\/wp\/v2\/pages\/83\/revisions\/509"}],"wp:attachment":[{"href":"https:\/\/sofiapayet.com\/en\/wp-json\/wp\/v2\/media?parent=83"}],"curies":[{"name":"wp","href":"https:\/\/api.w.org\/{rel}","templated":true}]}}